{"id":94,"date":"2022-02-07T10:16:20","date_gmt":"2022-02-07T10:16:20","guid":{"rendered":"https:\/\/konvens2022.uni-potsdam.de\/?page_id=94"},"modified":"2022-08-02T12:13:47","modified_gmt":"2022-08-02T12:13:47","slug":"people","status":"publish","type":"page","link":"https:\/\/konvens2022.uni-potsdam.de\/?page_id=94","title":{"rendered":"People"},"content":{"rendered":"\n<p><strong>Local Organisation<\/strong><\/p>\n\n\n\n<ul class=\"wp-block-list\"><li>Mohammad Yeghaneh Abkenar <\/li><li>Xiaoyu Bai<\/li><li>Annemarie Friedrich (GSCL)<\/li><li>Freya Hewett<\/li><li>Ren\u00e9 Knaebel<\/li><li>Robin Sch\u00e4fer<\/li><li>Manfred Stede<\/li><\/ul>\n\n\n\n<p><strong>Program Chairs<\/strong> <\/p>\n\n\n\n<ul class=\"wp-block-list\"><li>Xiaoyu Bai<\/li><li>Robin Sch\u00e4fer<\/li><li>Manfred Stede<\/li><li>Torsten Zesch<\/li><\/ul>\n\n\n\n<p><strong>Program Committee<\/strong><\/p>\n\n\n\n<ul class=\"wp-block-list\"><li>Adrien Barbaresi (Berlin-Brandenburgische Akademie der Wissenschaften)<\/li><li>Maria Berger (Ruhr-Universit\u00e4t Bochum)<\/li><li>Marcel Bollmann (J\u00f6nk\u00f6ping University)<\/li><li>Peter Bourgonje (MorningSun Technology)<\/li><li>Ernst Buchberger (Medizinische Universit\u00e4t Wien)<\/li><li>Berthold Crysmann (CNRS, Universit\u00e9 Paris Diderot-Paris 7)<\/li><li>Stefanie Dipper (Ruhr-Universit\u00e4t Bochum)<\/li><li>Stephanie Evert (Friedrich-Alexander-Universit\u00e4t Erlangen-N\u00fcrnberg)<\/li><li>Jana G\u00f6tze (Universit\u00e4t Potsdam)<\/li><li>Anke Holler (Georg-August-Universit\u00e4t G\u00f6ttingen)<\/li><li>Roman Klinger (Universit\u00e4t Stuttgart)<\/li><li>Valia Kordoni (Humboldt-Universit\u00e4t zu Berlin)<\/li><li>Brigitte Krenn (\u00d6sterreichisches Forschungsinstitut f\u00fcr Artificial Intelligence)<\/li><li>Udo Kruschwitz (Universit\u00e4t Regensburg)<\/li><li>Ekaterina Lapshinova-Koltunski (Universit\u00e4t des Saarlandes)<\/li><li>Katja Markert (Universit\u00e4t Heidelberg)<\/li><li>Alexander Mehler (Goethe-Universit\u00e4t Frankfurt am Main)<\/li><li>Clemens Neudecker (Staatsbibliothek zu Berlin)<\/li><li>Rainer Osswald (Heinrich-Heine-Universit\u00e4t D\u00fcsseldorf)<\/li><li>Simon Ostermann (Deutsches Forschungszentrum f\u00fcr K\u00fcnstliche Intelligenz)<\/li><li>Simone Paolo Ponzetto (Universit\u00e4t Mannheim)<\/li><li>Ines Rehbein (Universit\u00e4t Mannheim)<\/li><li>Georg Rehm (Deutsches Forschungszentrum f\u00fcr K\u00fcnstliche Intelligenz)<\/li><li>Josef Ruppenhofer (Institut f\u00fcr Deutsche Sprache)<\/li><li>Felix Sasaki (SAP)<\/li><li>Roland Sch\u00e4fer (Humboldt-Universit\u00e4t zu Berlin)<\/li><li>Tatjana Scheffler (Ruhr-Universit\u00e4t Bochum)<\/li><li>Yves Scherrer (University of Helsinki)<\/li><li>David Schlangen (Universit\u00e4t Potsdam)<\/li><li>Helmut Schmid (Ludwig-Maximilian-Universit\u00e4t M\u00fcnchen)<\/li><li>Gerold Schneider (Universit\u00e4t Z\u00fcrich)<\/li><li>Roman Schneider (Institut f\u00fcr Deutsche Sprache)<\/li><li>Sabine Schulte im Walde (Universit\u00e4t Stuttgart)<\/li><li>Maria Skeppstedt (Uppsala University)<\/li><li>Manfred Stede (Universit\u00e4t Potsdam)<\/li><li>Henning Wachsmuth (Universit\u00e4t Paderborn)<\/li><li>Magdalena Wolska (Bauhaus-Universit\u00e4t Weimar)<\/li><li>Sina Zarrie\u00df (Universit\u00e4t Bielefeld)<\/li><li>Torsten Zesch (Universit\u00e4t Duisburg-Essen)<\/li><li>Heike Zinsmeister (Universit\u00e4t Hamburg)<\/li><\/ul>\n","protected":false},"excerpt":{"rendered":"<p>Local Organisation Mohammad Yeghaneh Abkenar Xiaoyu Bai Annemarie Friedrich (GSCL) Freya Hewett Ren\u00e9 Knaebel Robin Sch\u00e4fer Manfred Stede Program Chairs Xiaoyu Bai Robin Sch\u00e4fer Manfred Stede Torsten Zesch Program Committee Adrien Barbaresi (Berlin-Brandenburgische Akademie der Wissenschaften) Maria Berger (Ruhr-Universit\u00e4t Bochum) &hellip; <a href=\"https:\/\/konvens2022.uni-potsdam.de\/?page_id=94\">Continue reading <span class=\"meta-nav\">&rarr;<\/span><\/a><\/p>\n","protected":false},"author":1,"featured_media":0,"parent":0,"menu_order":0,"comment_status":"closed","ping_status":"closed","template":"","meta":{"footnotes":""},"class_list":["post-94","page","type-page","status-publish","hentry"],"_links":{"self":[{"href":"https:\/\/konvens2022.uni-potsdam.de\/index.php?rest_route=\/wp\/v2\/pages\/94","targetHints":{"allow":["GET"]}}],"collection":[{"href":"https:\/\/konvens2022.uni-potsdam.de\/index.php?rest_route=\/wp\/v2\/pages"}],"about":[{"href":"https:\/\/konvens2022.uni-potsdam.de\/index.php?rest_route=\/wp\/v2\/types\/page"}],"author":[{"embeddable":true,"href":"https:\/\/konvens2022.uni-potsdam.de\/index.php?rest_route=\/wp\/v2\/users\/1"}],"replies":[{"embeddable":true,"href":"https:\/\/konvens2022.uni-potsdam.de\/index.php?rest_route=%2Fwp%2Fv2%2Fcomments&post=94"}],"version-history":[{"count":15,"href":"https:\/\/konvens2022.uni-potsdam.de\/index.php?rest_route=\/wp\/v2\/pages\/94\/revisions"}],"predecessor-version":[{"id":337,"href":"https:\/\/konvens2022.uni-potsdam.de\/index.php?rest_route=\/wp\/v2\/pages\/94\/revisions\/337"}],"wp:attachment":[{"href":"https:\/\/konvens2022.uni-potsdam.de\/index.php?rest_route=%2Fwp%2Fv2%2Fmedia&parent=94"}],"curies":[{"name":"wp","href":"https:\/\/api.w.org\/{rel}","templated":true}]}}