{"id":110,"date":"2022-02-18T10:57:42","date_gmt":"2022-02-18T10:57:42","guid":{"rendered":"https:\/\/konvens2022.uni-potsdam.de\/?page_id=110"},"modified":"2022-05-23T10:37:16","modified_gmt":"2022-05-23T10:37:16","slug":"call-for-papers","status":"publish","type":"page","link":"https:\/\/konvens2022.uni-potsdam.de\/?page_id=110","title":{"rendered":"Call for Papers"},"content":{"rendered":"\n<p>We cordially invite submissions of papers to KONVENS 2022, which takes place from September 12th-15th, 2022 in Potsdam.<\/p>\n\n\n\n<p>We welcome original, unpublished contributions on research, development, applications and evaluation, covering all areas of natural language processing, ranging from basic questions to practical implementations of natural language resources, components and systems. We invite contributions from both academia and industry.<\/p>\n\n\n\n<p><strong>SUBMISSION INFORMATION<\/strong><\/p>\n\n\n\n<p>We welcome the following two types of contributions:<\/p>\n\n\n\n<ul class=\"wp-block-list\"><li>Long papers (8 pages plus references), describing original research with substantial new results<\/li><li>Short papers (4 pages plus references), including small focused contributions, work in progress, as well as descriptions of projects, systems and resources<\/li><\/ul>\n\n\n\n<p>Both long and short papers will be presented orally or as posters as determined by the program chairs. The decisions will be based on the nature rather than the quality of the work. The conference languages are English and German. We encourage the submission of contributions in English. The review process will be double-blind. We ask authors to anonymize their submission accordingly. The conference proceedings will be published in the ACL Anthology.<\/p>\n\n\n\n<p><strong>IMPORTANT DATES<\/strong><\/p>\n\n\n\n<p><strong>June 10th<\/strong>, 2022: Paper submission due (long &amp; short papers) (<strong>extended deadline!<\/strong>)<br><strong>July 29th<\/strong>, 2022: Notification of acceptance<br><strong>August 15th<\/strong>, 2022: Camera-ready papers due<br>September 12th-15th, 2022: KONVENS<\/p>\n\n\n\n<p><strong>INSTRUCTIONS FOR AUTHORS<\/strong><\/p>\n\n\n\n<p>Papers should be formatted in accordance with the <a href=\"https:\/\/konvens2022.uni-potsdam.de\/wp-content\/uploads\/2022\/02\/acl2020-templates.zip\">ACL style sheets<\/a>. We strongly encourage authors to use LaTeX in preparing their document. Information on the submission procedure can be found <a href=\"https:\/\/konvens2022.uni-potsdam.de\/?page_id=74\" data-type=\"page\" data-id=\"74\">here<\/a>.<\/p>\n\n\n\n<p><strong>PROGRAM COMMITTEE<\/strong> (more members to be confirmed)<\/p>\n\n\n\n<p>Adrien Barbaresi (Berlin-Brandenburgische Akademie der Wissenschaften)<br>Maria Berger (Ruhr-Universit\u00e4t Bochum)<br>Marcel Bollmann (J\u00f6nk\u00f6ping University)<br>Ernst Buchberger (Medizinische Universit\u00e4t Wien)<br>Berthold Crysmann (CNRS, Universit\u00e9 Paris Diderot-Paris 7)<br>Stefanie Dipper (Ruhr-Universit\u00e4t Bochum)<br>Jana G\u00f6tze (Universit\u00e4t Potsdam)<br>Anke Holler (Georg-August-Universit\u00e4t G\u00f6ttingen)<br>Roman Klinger (Universit\u00e4t Stuttgart)<br>Valia Kordoni (Humboldt-Universit\u00e4t zu Berlin)<br>Brigitte Krenn (\u00d6sterreichisches Forschungsinstitut f\u00fcr Artificial Intelligence)<br>Udo Kruschwitz (Universit\u00e4t Regensburg)<br>Ekaterina Lapshinova-Koltunski (Universit\u00e4t des Saarlandes)<br>Katja Markert (Universit\u00e4t Heidelberg)<br>Alexander Mehler (Goethe-Universit\u00e4t Frankfurt am Main)<br>Rainer Osswald (Heinrich-Heine-Universit\u00e4t D\u00fcsseldorf)<br>Simon Ostermann (Deutsches Forschungszentrum f\u00fcr K\u00fcnstliche Intelligenz)<br>Simone Paolo Ponzetto (Universit\u00e4t Mannheim)<br>Ines Rehbein (Universit\u00e4t Mannheim)<br>Georg Rehm (Deutsches Forschungszentrum f\u00fcr K\u00fcnstliche Intelligenz)<br>Roland Sch\u00e4fer (Humboldt-Universit\u00e4t zu Berlin)<br>Tatjana Scheffler (Ruhr-Universit\u00e4t Bochum)<br>Yves Scherrer (University of Helsinki)<br>David Schlangen (Universit\u00e4t Potsdam)<br>Helmut Schmid (Ludwig-Maximilian-Universit\u00e4t M\u00fcnchen)<br>Gerold Schneider (Universit\u00e4t Z\u00fcrich)<br>Roman Schneider (Institut f\u00fcr Deutsche Sprache)<br>Sabine Schulte im Walde (Universit\u00e4t Stuttgart)<br>Manfred Stede (Universit\u00e4t Potsdam)<br>Henning Wachsmuth (Universit\u00e4t Paderborn)<br>Magdalena Wolska (Bauhaus-Universit\u00e4t Weimar)<br>Sina Zarrie\u00df (Universit\u00e4t Bielefeld)<br>Torsten Zesch (Universit\u00e4t Duisburg-Essen)<\/p>\n","protected":false},"excerpt":{"rendered":"<p>We cordially invite submissions of papers to KONVENS 2022, which takes place from September 12th-15th, 2022 in Potsdam. We welcome original, unpublished contributions on research, development, applications and evaluation, covering all areas of natural language processing, ranging from basic questions &hellip; <a href=\"https:\/\/konvens2022.uni-potsdam.de\/?page_id=110\">Continue reading <span class=\"meta-nav\">&rarr;<\/span><\/a><\/p>\n","protected":false},"author":1,"featured_media":0,"parent":0,"menu_order":0,"comment_status":"closed","ping_status":"closed","template":"","meta":{"footnotes":""},"class_list":["post-110","page","type-page","status-publish","hentry"],"_links":{"self":[{"href":"https:\/\/konvens2022.uni-potsdam.de\/index.php?rest_route=\/wp\/v2\/pages\/110","targetHints":{"allow":["GET"]}}],"collection":[{"href":"https:\/\/konvens2022.uni-potsdam.de\/index.php?rest_route=\/wp\/v2\/pages"}],"about":[{"href":"https:\/\/konvens2022.uni-potsdam.de\/index.php?rest_route=\/wp\/v2\/types\/page"}],"author":[{"embeddable":true,"href":"https:\/\/konvens2022.uni-potsdam.de\/index.php?rest_route=\/wp\/v2\/users\/1"}],"replies":[{"embeddable":true,"href":"https:\/\/konvens2022.uni-potsdam.de\/index.php?rest_route=%2Fwp%2Fv2%2Fcomments&post=110"}],"version-history":[{"count":3,"href":"https:\/\/konvens2022.uni-potsdam.de\/index.php?rest_route=\/wp\/v2\/pages\/110\/revisions"}],"predecessor-version":[{"id":176,"href":"https:\/\/konvens2022.uni-potsdam.de\/index.php?rest_route=\/wp\/v2\/pages\/110\/revisions\/176"}],"wp:attachment":[{"href":"https:\/\/konvens2022.uni-potsdam.de\/index.php?rest_route=%2Fwp%2Fv2%2Fmedia&parent=110"}],"curies":[{"name":"wp","href":"https:\/\/api.w.org\/{rel}","templated":true}]}}